{"id":7,"date":"2016-12-12T23:37:57","date_gmt":"2016-12-12T22:37:57","guid":{"rendered":"http:\/\/help.cirrus-shield.com\/?page_id=7"},"modified":"2024-01-17T09:50:31","modified_gmt":"2024-01-17T08:50:31","slug":"home","status":"publish","type":"page","link":"https:\/\/help.cirrus-shield.com\/en\/","title":{"rendered":"Cirrus Shield Help &#8211; Home Page"},"content":{"rendered":"\n<h3 class=\"wp-block-heading\"><img loading=\"lazy\" decoding=\"async\" src=\"https:\/\/help.cirrus-shield.com\/wp-content\/uploads\/2020\/04\/canvas-1-300x240.png\" alt=\"\" width=\"46\" height=\"37\"><strong>Getting started with Cirrus Shield<\/strong><\/h3>\n\n\n\n<p>Cirrus Shield is a cloud platform where you can create applications with point-and-click tools, and on which the Cirrus Shield CRM is built. Understand the key concepts and terms of Cirrus Shield and get started as a new user.<\/p>\n\n\n\n<p><a href=\"https:\/\/help.cirrus-shield.com\/en\/docs\/cirrus-shield-basics\/what-is-cirrus-shield\/\"><strong>Get Started &gt;&gt;<\/strong><\/a><\/p>\n\n\n\n<hr class=\"wp-block-separator has-css-opacity is-style-wide\"\/>\n\n\n\n<h3 class=\"wp-block-heading\"><img loading=\"lazy\" decoding=\"async\" src=\"https:\/\/help.cirrus-shield.com\/wp-content\/uploads\/2020\/04\/canvas-2-300x240.png\" alt=\"\" width=\"38\" height=\"30\"><strong>User Guide<\/strong><\/h3>\n\n\n\n<p>Keep track of your sales activities, enhance the way you sell and get insights on your business. Generate and convert more leads. Serve your customers anywhere and at any time, better. Cirrus Shield CRM helps you grow your business faster.<\/p>\n\n\n\n<p><a href=\"https:\/\/help.cirrus-shield.com\/en\/docs\/user-guide\/sales-automation\/\"><strong>Get Started &gt;&gt;<\/strong><\/a><\/p>\n\n\n\n<hr class=\"wp-block-separator has-css-opacity is-style-wide\"\/>\n\n\n\n<h3 class=\"wp-block-heading\"><img loading=\"lazy\" decoding=\"async\" width=\"39\" height=\"31\" src=\"https:\/\/help.cirrus-shield.com\/wp-content\/uploads\/2020\/04\/canvas-5-300x240.png\" alt=\"\"> <strong>Developer Guide<\/strong><\/h3>\n\n\n\n<p>Cirrus Shield allows developers express their creativity and deliver innovative applications to customers faster. Get the required information in order to develop additional features or integrate third-party apps in the CRM using Rest APIs.<\/p>\n\n\n\n<p><a href=\"https:\/\/help.cirrus-shield.com\/docs\/developper-guide\/rest-api\/\"><strong>Get Started &gt;&gt;<\/strong><\/a><\/p>\n\n\n\n<hr class=\"wp-block-separator has-css-opacity is-style-wide\"\/>\n\n\n\n<h3 class=\"wp-block-heading\"><img loading=\"lazy\" decoding=\"async\" width=\"41\" height=\"33\" src=\"https:\/\/help.cirrus-shield.com\/wp-content\/uploads\/2020\/04\/canvas-4-300x240.png\" alt=\"\"> <strong>Admin Guide<\/strong><\/h3>\n\n\n\n<p>Adapt your environment to your business needs and learn how to set up the CRM according to your expectations. The Admin Guide contains everything you&#8217;ll need to start with Cirrus Shield, whether it be in terms of customization, security, or functionality.<\/p>\n\n\n\n<p><strong><a href=\"https:\/\/help.cirrus-shield.com\/en\/docs\/admin-guide\/\">Get Started >><\/a><\/strong><\/p>\n\n\n\n<hr class=\"wp-block-separator has-css-opacity is-style-wide\"\/>\n\n\n\n<div class=\"wp-block-group\"><div class=\"wp-block-group__inner-container is-layout-flow wp-block-group-is-layout-flow\">\n<h3><img loading=\"lazy\" decoding=\"async\" src=\"https:\/\/help.cirrus-shield.com\/wp-content\/uploads\/2020\/04\/canvas-3.png\" alt=\"\" width=\"53\" height=\"42\"><strong>Videos<\/strong><\/h3>\n<\/div><\/div>\n\n\n\n<p>Understand how to configure your environment to your specific business needs by watching this video:<a href=\"https:\/\/youtu.be\/QD1VXtAHcIs\"> Platform &#8211; Presentation of Basic Features<\/a>. And have a complete view of the features of Cirrus Shield in terms of marketing, sales, and customer service.<\/p>\n\n\n\n<p><strong><a href=\"https:\/\/www.youtube.com\/channel\/UC_y0AbO6C-DoRiC_crysvSQ\">Watch &gt;&gt;<\/a><\/strong><\/p>\n\n\n\n<hr class=\"wp-block-separator has-css-opacity is-style-wide\"\/>\n\n\n\n<h3><img loading=\"lazy\" decoding=\"async\" src=\"https:\/\/help.cirrus-shield.com\/wp-content\/uploads\/2020\/04\/Faq.png\" alt=\"\" width=\"53\" height=\"42\"><strong>FAQ<\/strong><\/h3>\n\n\n\n<p>Ce FAQ a vocation \u00e0 r\u00e9pondre aux questions que vous nous posez le plus fr\u00e9quemment<\/p>\n\n\n\n<hr class=\"wp-block-separator has-css-opacity is-style-wide\"\/>\n\n\n\n<h3 class=\"wp-block-heading\"><img loading=\"lazy\" decoding=\"async\" src=\"https:\/\/help.cirrus-shield.com\/wp-content\/uploads\/2020\/04\/canvas-6-300x240.png\" alt=\"\" width=\"53\" height=\"42\"><strong>Contact Support<\/strong><\/h3>\n\n\n\n<p>Need help? Paying customers receive support services.<\/p>\n\n\n\n<p><a href=\"https:\/\/help.cirrus-shield.com\/en\/contact-support\/\"><strong>Contact Us &gt;&gt;<\/strong><\/a><\/p>\n","protected":false},"excerpt":{"rendered":"<p>Getting started with Cirrus Shield Cirrus Shield is a cloud platform where you can create applications with point-and-click tools, and &hellip; <a href=\"https:\/\/help.cirrus-shield.com\/en\/\">Read more &rarr;<\/a><\/p>\n","protected":false},"author":1,"featured_media":0,"parent":0,"menu_order":0,"comment_status":"closed","ping_status":"closed","template":"","meta":{"_et_pb_use_builder":"off","_et_pb_old_content":"<!-- wp:heading {\"level\":3} -->\n<h3 class=\"wp-block-heading\"><img src=\"https:\/\/help.cirrus-shield.com\/wp-content\/uploads\/2020\/04\/canvas-1-300x240.png\" alt=\"\" width=\"46\" height=\"37\"><strong>Getting started with Cirrus Shield<\/strong><\/h3>\n<!-- \/wp:heading -->\n\n<!-- wp:paragraph -->\n<p>Cirrus Shield is a cloud platform where you can create applications with point-and-click tools, and on which the Cirrus Shield CRM is built. Understand the key concepts and terms of Cirrus Shield and get started as a new user.<\/p>\n<!-- \/wp:paragraph -->\n\n<!-- wp:paragraph -->\n<p><a href=\"\/?p=38\"><strong>Get Started &gt;&gt;<\/strong><\/a><\/p>\n<!-- \/wp:paragraph -->\n\n<!-- wp:separator {\"opacity\":\"css\",\"className\":\"is-style-wide\"} -->\n<hr class=\"wp-block-separator has-css-opacity is-style-wide\"\/>\n<!-- \/wp:separator -->\n\n<!-- wp:heading {\"level\":3} -->\n<h3 class=\"wp-block-heading\"><img src=\"https:\/\/help.cirrus-shield.com\/wp-content\/uploads\/2020\/04\/canvas-2-300x240.png\" alt=\"\" width=\"38\" height=\"30\"><strong>User Guide<\/strong><\/h3>\n<!-- \/wp:heading -->\n\n<!-- wp:paragraph -->\n<p>Keep track of your sales activities, enhance the way you sell and get insights on your business. Generate and convert more leads. Serve your customers anywhere and at any time, better. Cirrus Shield CRM helps you grow your business faster.<\/p>\n<!-- \/wp:paragraph -->\n\n<!-- wp:paragraph -->\n<p><a href=\"\/?p=487\"><strong>Get Started &gt;&gt;<\/strong><\/a><\/p>\n<!-- \/wp:paragraph -->\n\n<!-- wp:separator {\"opacity\":\"css\",\"className\":\"is-style-wide\"} -->\n<hr class=\"wp-block-separator has-css-opacity is-style-wide\"\/>\n<!-- \/wp:separator -->\n\n<!-- wp:heading {\"level\":3} -->\n<h3 class=\"wp-block-heading\"><img width=\"39\" height=\"31\" src=\"https:\/\/help.cirrus-shield.com\/wp-content\/uploads\/2020\/04\/canvas-5-300x240.png\" alt=\"\"> <strong>Developer Guide<\/strong><\/h3>\n<!-- \/wp:heading -->\n\n<!-- wp:paragraph -->\n<p>Cirrus Shield allows developers express their creativity and deliver innovative applications to customers faster. Get the required information in order to develop additional features or integrate third-party apps in the CRM using Rest APIs.<\/p>\n<!-- \/wp:paragraph -->\n\n<!-- wp:paragraph -->\n<p><a href=\"https:\/\/help.cirrus-shield.com\/docs\/developper-guide\/rest-api\/\"><strong>Get Started &gt;&gt;<\/strong><\/a><\/p>\n<!-- \/wp:paragraph -->\n\n<!-- wp:separator {\"opacity\":\"css\",\"className\":\"is-style-wide\"} -->\n<hr class=\"wp-block-separator has-css-opacity is-style-wide\"\/>\n<!-- \/wp:separator -->\n\n<!-- wp:heading {\"level\":3} -->\n<h3 class=\"wp-block-heading\"><img width=\"41\" height=\"33\" src=\"https:\/\/help.cirrus-shield.com\/wp-content\/uploads\/2020\/04\/canvas-4-300x240.png\" alt=\"\"> <strong>Admin Guide<\/strong><\/h3>\n<!-- \/wp:heading -->\n\n<!-- wp:paragraph -->\n<p>Adapt your environment to your business needs and learn how to set up the CRM according to your expectations. The Admin Guide contains everything you'll need to start with Cirrus Shield, whether it be in terms of customization, security, or functionality.<\/p>\n<!-- \/wp:paragraph -->\n\n<!-- wp:paragraph -->\n<p><a href=\"\/?p=134\"><strong>Get Started &gt;&gt;<\/strong><\/a><\/p>\n<!-- \/wp:paragraph -->\n\n<!-- wp:separator {\"opacity\":\"css\",\"className\":\"is-style-wide\"} -->\n<hr class=\"wp-block-separator has-css-opacity is-style-wide\"\/>\n<!-- \/wp:separator -->\n\n<!-- wp:group -->\n<div class=\"wp-block-group\"><!-- wp:html -->\n<h3><img src=\"https:\/\/help.cirrus-shield.com\/wp-content\/uploads\/2020\/04\/canvas-3.png\" alt=\"\" width=\"53\" height=\"42\"><strong>Videos<\/strong><\/h3>\n<!-- \/wp:html --><\/div>\n<!-- \/wp:group -->\n\n<!-- wp:paragraph -->\n<p>Understand how to configure your environment to your specific business needs by watching this video:<a href=\"https:\/\/youtu.be\/QD1VXtAHcIs\"> Platform - Presentation of Basic Features<\/a>. And have a complete view of the features of Cirrus Shield in terms of marketing, sales, and customer service.<\/p>\n<!-- \/wp:paragraph -->\n\n<!-- wp:paragraph -->\n<p><strong><a href=\"https:\/\/www.youtube.com\/channel\/UC_y0AbO6C-DoRiC_crysvSQ\">Watch &gt;&gt;<\/a><\/strong><\/p>\n<!-- \/wp:paragraph -->\n\n<!-- wp:separator {\"opacity\":\"css\",\"className\":\"is-style-wide\"} -->\n<hr class=\"wp-block-separator has-css-opacity is-style-wide\"\/>\n<!-- \/wp:separator -->\n\n<!-- wp:html -->\n<h3><img src=\"https:\/\/help.cirrus-shield.com\/wp-content\/uploads\/2020\/04\/Faq.png\" alt=\"\" width=\"53\" height=\"42\"><strong>FAQ<\/strong><\/h3>\n<!-- \/wp:html -->\n\n<!-- wp:paragraph -->\n<p>Ce FAQ a vocation \u00e0 r\u00e9pondre aux questions que vous nous posez le plus fr\u00e9quemment<\/p>\n<!-- \/wp:paragraph -->\n\n<!-- wp:separator {\"opacity\":\"css\",\"className\":\"is-style-wide\"} -->\n<hr class=\"wp-block-separator has-css-opacity is-style-wide\"\/>\n<!-- \/wp:separator -->\n\n<!-- wp:heading {\"level\":3} -->\n<h3 class=\"wp-block-heading\"><img src=\"https:\/\/help.cirrus-shield.com\/wp-content\/uploads\/2020\/04\/canvas-6-300x240.png\" alt=\"\" width=\"53\" height=\"42\"><strong>Contact Support<\/strong><\/h3>\n<!-- \/wp:heading -->\n\n<!-- wp:paragraph -->\n<p>Need help? Paying customers receive support services.<\/p>\n<!-- \/wp:paragraph -->\n\n<!-- wp:paragraph -->\n<p><a href=\"\/?page_id=737\"><strong>Contact Us &gt;&gt;<\/strong><\/a><\/p>\n<!-- \/wp:paragraph -->","_et_gb_content_width":"","footnotes":""},"class_list":["post-7","page","type-page","status-publish","hentry"],"_links":{"self":[{"href":"https:\/\/help.cirrus-shield.com\/en\/wp-json\/wp\/v2\/pages\/7","targetHints":{"allow":["GET"]}}],"collection":[{"href":"https:\/\/help.cirrus-shield.com\/en\/wp-json\/wp\/v2\/pages"}],"about":[{"href":"https:\/\/help.cirrus-shield.com\/en\/wp-json\/wp\/v2\/types\/page"}],"author":[{"embeddable":true,"href":"https:\/\/help.cirrus-shield.com\/en\/wp-json\/wp\/v2\/users\/1"}],"replies":[{"embeddable":true,"href":"https:\/\/help.cirrus-shield.com\/en\/wp-json\/wp\/v2\/comments?post=7"}],"version-history":[{"count":67,"href":"https:\/\/help.cirrus-shield.com\/en\/wp-json\/wp\/v2\/pages\/7\/revisions"}],"predecessor-version":[{"id":9259,"href":"https:\/\/help.cirrus-shield.com\/en\/wp-json\/wp\/v2\/pages\/7\/revisions\/9259"}],"wp:attachment":[{"href":"https:\/\/help.cirrus-shield.com\/en\/wp-json\/wp\/v2\/media?parent=7"}],"curies":[{"name":"wp","href":"https:\/\/api.w.org\/{rel}","templated":true}]}}